{"id":284,"date":"2020-08-29T16:30:59","date_gmt":"2020-08-29T15:30:59","guid":{"rendered":"https:\/\/leben-in-oppau.de\/?page_id=284"},"modified":"2020-08-29T23:21:46","modified_gmt":"2020-08-29T22:21:46","slug":"statement-buergerinitiative","status":"publish","type":"page","link":"https:\/\/leben-in-oppau.de\/?page_id=284","title":{"rendered":"Statement B\u00fcrgerinitiative"},"content":{"rendered":"<p class=\"western\">\n<p class=\"western\"><span style=\"font-family: Arial, serif;\"><span style=\"font-size: medium;\"><i><u><b>Statement der B\u00fcrgerinitiative \u201eLeben in Oppau\u201c<\/b><\/u><\/i><\/span><\/span><\/p>\n<p class=\"western\"><span style=\"font-family: Arial, serif;\"><span style=\"font-size: medium;\">Die BI ist eine politisch interessierte Initiative von engagierten Menschen, denen Oppau am Herzen liegt. Wir m\u00f6chten gerne f\u00fcr Oppau wieder den Dorfcharakter zur\u00fcck, den viele von uns seit Kindheitsbeinen erleben durften.<br \/>\nUnser Oppau soll wieder lebens- und liebenswerter werden! <\/span><\/span><\/p>\n<p class=\"western\"><span style=\"font-family: Arial, serif;\"><span style=\"font-size: medium;\">Ausdr\u00fccklich sprechen wir uns <\/span><\/span><span style=\"font-family: Arial, serif;\"><span style=\"font-size: medium;\"><u><b>nicht gegen ein \u00c4rztehaus<\/b><\/u><\/span><\/span><span style=\"font-family: Arial, serif;\"><span style=\"font-size: medium;\"> \u2013 sondern gegen ein medizinisches Versorgungszentrum, das aus 12 Arztpraxen und 7 Dienstleistern besteht, aus. Unseres Erachtens entsteht hier ein Supermarkt f\u00fcr medizinische Leistungen mit B\u00e4cker, Apotheke, Physiotherapeut \u2013 also ein kleiner Gewerbepark mitten im Wohngebiet. Diese Planung ist v\u00f6llig am Ziel vorbei und \u00fcberdimensioniert. <\/span><\/span><\/p>\n<p class=\"western\"><span style=\"font-family: Arial, serif;\"><span style=\"font-size: medium;\">Wir haben zudem Sorge, dass dieser Klinikkomplex mitnichten dauerhaft von Kassen\u00e4rzten belegt, sondern in den n\u00e4chsten Jahren privat \u00e4rztlich abgedeckt wird. Ben\u00f6tigen wir denn tats\u00e4chlich Operationss\u00e4le bei der guten Klinikversorgung in Ludwigshafen? Ben\u00f6tigen wir tats\u00e4chlich einen Radiologen in Oppau?<br \/>\nDenn es gibt hier keine zus\u00e4tzlichen Arztsitze. Die \u00c4rzte kommen aus anderen Stadtteilen an den Rand Oppaus, die Nahversorgung der betreffenden Stadtteile wird sich dadurch verschlechtern. Die meisten der \u00c4rzte aus unserem Stadtteil tragen sich nicht mit dem Gedanken ins MVZ zu wechseln.<br \/>\nViele haben investiert und renoviert und praktizieren in praxiseigenen H\u00e4usern.<\/span><\/span><\/p>\n<p class=\"western\"><span style=\"font-family: Arial, serif;\"><span style=\"font-size: medium;\"><u><strong>Ver\u00f6dung des Stadteil-Zentrums<\/strong><br \/>\n<\/u><\/span><\/span><span style=\"font-family: Arial, serif;\"><span style=\"font-size: medium;\">Wenn bestehende \u00c4rzte aus den Stadtteilen auf die \u201egr\u00fcne Wiese\u201c ziehen, plus Apotheke, B\u00e4ckerei, etc.<br \/>\ndann ist die weitere Ver\u00f6dung des Stadtteils vorprogrammiert.<br \/>\nIn den letzten Jahren haben Investoren in Oppau Wohnh\u00e4user aufgekauft, um sie zu menschenunw\u00fcrdigen Bedingungen an Fremdmitarbeiter der gro\u00dfen Player wie BASF und AMAZON zu verschachern \u2013 ohne die n\u00f6tige sanit\u00e4re Ausstattung, ohne jegliches Brandschutzkonzept, ohne Lizenzvergabe f\u00fcr Hotel- oder Gastst\u00e4ttengewerbe.<\/span><\/span><\/p>\n<p class=\"western\"><span style=\"font-family: Arial, serif;\"><span style=\"font-size: medium;\">Welche Auswirkungen das haben wird sehen Sie am Beispiel Innenstadt. Kein Mensch geht Shoppen und Flanieren seit es die Rheingalerie gibt, da die Innenstadt keinerlei Attraktivit\u00e4t bietet.<br \/>\nUnd was passiert mit den bisher fu\u00dfl\u00e4ufig zu erreichenden Arztpraxen, Physiotherapeuten und Apotheken? F\u00fcr sie wird es noch schwieriger, eine Nachfolge zu finden. Viele betreuen generations\u00fcbergreifend ihre Patienten und kennen die Menschen und deren Bed\u00fcrfnisse. Denn eines liegt klar auf der Hand, die Patienten- und Kundenbindung in einem MVZ bleibt auf der Strecke! <\/span><\/span><\/p>\n<p class=\"western\"><span style=\"font-family: Arial, serif;\"><span style=\"font-size: medium;\">Unser einst so sch\u00f6nes Oppau wird durch weitere Leerst\u00e4nde oder Wohnraum f\u00fcr Monteure und Fremdarbeiter, Shisha-Bars und Kneipen, keineswegs an Attraktivit\u00e4t gewinnen. Ganz im Gegenteil!<\/span><\/span><\/p>\n<p class=\"western\"><span style=\"font-family: Arial, serif;\"><span style=\"font-size: medium;\">Unser Aufruf an alle Oppauer: Machen Sie mit beim \u201eStadtd\u00f6rfer-Projekt\u201c! Melden Sie sich zu Workshops in Oppau am 05.09. 2020. Bringen Sie sich ein, gestalten Sie mit, zum Wohle unseres Stadtteils. Anmeldung unter: <\/span><\/span><span style=\"color: #333333;\"><span style=\"font-size: large;\">E-Mail<\/span><\/span><span style=\"color: #0000ff;\"><u>\u00a0<a href=\"mailto:stadtdoerfer@ludwigshafen.de\">stadtdoerfer@ludwigshafen.de<\/a><\/u><\/span> <span style=\"font-family: Arial, serif;\"><span style=\"font-size: medium;\">oder auf der Homepage der Stadt Ludwigshafen.<\/span><\/span><\/p>\n<p class=\"western\"><span style=\"font-family: Arial, serif;\"><span style=\"font-size: medium;\"><u><strong>Verkehr und Wohngebiet<\/strong><br \/>\n<\/u><\/span><\/span><span style=\"font-family: Arial, serif;\"><span style=\"font-size: medium;\">Die Horst-Schork-Stra\u00dfe ist aktuell eine sehr befahrene und frequentierte Ortsrandstra\u00dfe. Der Busverkehr im 10 Minuten Takt verursacht Sch\u00e4den an Stra\u00dfe und H\u00e4usern.<br \/>\nGeschwindigkeitskontrollen finden so gut wie keine statt, eine Einhaltung der vorhandenen 30 Km-Begrenzung durch Auto- und Busfahrer ist kaum gegeben.<br \/>\nBei dem geplanten Bau eines MVZ mit 12 Praxen und 7 Dienstleistern ist auf jeden Fall eine weitere Verkehrsbelastung rund um die Horst-Schork-Stra\u00dfe vorprogrammiert. Wir rechnen mit zus\u00e4tzlich 2500 Fahrzeugen pro Tag und dies bis in die sp\u00e4ten Abendstunden. <\/span><\/span><\/p>\n<p class=\"western\"><span style=\"font-family: Arial, serif;\"><span style=\"font-size: medium;\">Kurios ist, die Oppauer Dampfnudelb\u00e4ckerei, seit 20 Jahren fester Bestandteil des Stadtteils, musste weichen, da sich Anwohner \u00fcber den morgendlichen Lieferverkehr beschwert hatten. Den Bewohnern der Horst-Schork-Stra\u00dfe werden <\/span><\/span><span style=\"font-family: Arial, serif;\"><span style=\"font-size: medium;\"><b>19 Gewerbebetriebe <\/b><\/span><\/span><span style=\"font-family: Arial, serif;\"><span style=\"font-size: medium;\">zugemutet, und das bei durchgehendem Verkehr von morgens bis in die Abendstunden, dies im Gegensatz zu einmaliger morgendlicher Verkehrsbelastung im Falle der Dampfnudelb\u00e4ckerei.<\/span><\/span><\/p>\n<p class=\"western\"><span style=\"font-family: Arial, serif;\"><span style=\"font-size: medium;\">Bei<\/span><\/span><span style=\"font-family: Arial, serif;\"><span style=\"font-size: medium;\"> 19 Dienstleistern ist es nicht vermessen, von mehr als 60 Autos tagt\u00e4glich nur f\u00fcr Personal auszugehen, die einen Parkplatz ben\u00f6tigen. Dann bleiben noch 60 Parkpl\u00e4tze f\u00fcr die Kundschaft \u00fcbrig!!! Rechnerisch ist dies nicht nachvollziehbar. Jeder H\u00e4uslebauer kennt die Problematik der auszuweisenden Stellfl\u00e4chen, aber bei einem solchen Klinikkomplex gelten diese offenbar nicht. <\/span><\/span><\/p>\n<p class=\"western\"><span style=\"font-family: Arial, serif;\"><span style=\"font-size: medium;\">Die ausgewiesenen 120 Parkpl\u00e4tze, f\u00fcr die 2000 m\u00b2 Fl\u00e4che versiegelt werden m\u00fcssen, werden nicht ausreichen, sodass wir davon ausgehen, dass die Neben- und Anliegerstra\u00dfe im Oppauer S\u00fcden zu Dauerparkpl\u00e4tzen werden. <\/span><\/span><\/p>\n<p class=\"western\"><span style=\"font-family: Arial, serif;\"><span style=\"font-size: medium;\"><strong>50 Kinder<\/strong>, die im katholischen Kindergarten an der Ecke Horst-Schork-Stra\u00dfe betreut werden und deren Freifl\u00e4che zum Spielen zur Stra\u00dfenseite ausgerichtet ist, m\u00fcssen diese immense Erh\u00f6hung des Verkehrs und die damit einhergehende Feinstaubbelastung ertragen. Spielt die Gesundheit der Kinder denn keine Rolle?<br \/>\nDurch die schlechte Anbindung der \u00d6PNV kann der Ortsrand von Oppau nur mit Umsteigen erreicht werden, d.h. die Nutzung von \u00f6ffentlichen Verkehrsmitteln wird nur im Notfall wahrgenommen.<\/span><\/span><\/p>\n<p class=\"western\"><span style=\"font-family: Arial, serif;\"><span style=\"font-size: medium;\">Die entstehende Feinstaub- und L\u00e4rmbelastung ist immens, die Wohnqualit\u00e4t verschlechtert sich weiter, die Gesundheit der Menschen leidet!<\/span><\/span><\/p>\n<p class=\"western\"><span style=\"font-family: Arial, serif;\"><span style=\"font-size: medium;\"><u><strong>Klimatische Auswirkungen<\/strong><br \/>\n<\/u><\/span><\/span><span style=\"font-family: Arial, serif;\"><span style=\"font-size: medium;\">Beim Bau von Polizei und Feuerwehr am Ortsrand von Oppau wurde beschlossen, dass die vorhandene freie Ackerfl\u00e4che nicht weiter bebaut wird, um eine sehr n\u00f6tige Frischluftschneise f\u00fcr die Durchl\u00fcftung des Stadtteiles zu bewahren. Mit dem Bau eines Klinikkomplexes in dieser Gr\u00f6\u00dfenordnung und Fl\u00e4chenversieglung wird diese Aussage ad absurdum gef\u00fchrt.<br \/>\nDa mutet es auch kurios an, dass sich die CDU f\u00fcr eine Abschaffung der Steing\u00e4rten stark macht, eine Fl\u00e4chenversieglung in dieser Gr\u00f6\u00dfenordnung aber v\u00f6llig in Ordnung findet. Die damit einhergehende Aufheizung bei immer hei\u00dferen Sommern, die Thermik, die nicht mehr vorhandene Regenwasserversickerung, die Zerst\u00f6rung der Frischluftschneise eingeschlossen.<\/span><\/span><\/p>\n<p class=\"western\"><span style=\"font-family: Arial, serif;\"><span style=\"font-size: medium;\"><u><strong>Nachhaltigkeit<\/strong><br \/>\n<\/u><\/span><\/span><span style=\"font-family: Arial, serif;\"><span style=\"font-size: medium;\">Die Bundesregierung hat sich im Rahmen der Nachhaltigkeitsstrategie zum Ziel gesetzt, bis 2030, die Erschlie\u00dfung NEUER Fl\u00e4chen f\u00fcr Siedlungen und Verkehr auf 30 Hektar pro Tag zu verringern. Der durchschnittliche Fl\u00e4chenverbrauch der Jahre 1993- 2003 lag bei 120 Hektar pro Tag, zulasten von Natur und fruchtbarer B\u00f6den. Das sind etwa ca. 82 Fu\u00dfballfelder.\u00a0<\/span><\/span><\/p>\n<p class=\"western\"><span style=\"font-family: Arial, serif;\"><span style=\"font-size: medium;\">Im Jahr 2017 wurde t\u00e4glich nur noch eine Fl\u00e4che von 58 Hektar neu ausgewiesen, diese Zahlen stammen \u00fcbrigens vom Umwelt Bundesamt<\/span><\/span><\/p>\n<p class=\"western\"><span style=\"font-family: Arial, serif;\"><span style=\"font-size: medium;\">Das Ziel der Bundesregierung f\u00fcr das Jahr 2030 ist, f\u00fcr die Neuinanspruchnahme von Fl\u00e4chen unter 30 Hektar pro Tag.<\/span><\/span><\/p>\n<p class=\"western\"><span style=\"font-family: Arial, serif;\"><span style=\"font-size: medium;\">www.umweltbundesamt.de\/themen\/boden-landwirtschaft\/flaechensparen-boeden-landschaften-erhalten<\/span><\/span><\/p>\n<p class=\"western\"><span style=\"font-family: Arial, serif;\"><span style=\"font-size: medium;\">Wenn man die Bauprojekte Ludwigshafens anschaut, wie Rheing\u00f6nheim, die Parkinsel, die geplanten Projekte in Friesenheim, hinter dem Heinrich Pesch Haus und jetzt auch noch die Rosslache in Oppau wird klar, dass Ludwigshafen die Zeichen immer noch nicht erkannt hat.<\/span><\/span><\/p>\n<p class=\"western\"><span style=\"font-family: Arial, serif;\"><span style=\"font-size: medium;\">Gem\u00e4\u00df Umweltschutzbund ist es unerl\u00e4sslich, die nicht wieder gut zu machenden Folgen f\u00fcr Klima nicht l\u00e4nger au\u00dfer Acht zu lassen und lieber nicht mehr genutzte Immobilien in den Fokus zu nehmen. Dabei sollte die Stadt weniger R\u00fccksicht auf die Bed\u00fcrfnisse der Investoren, sondern mehr Weitsicht auf zuk\u00fcnftige Generationen haben.<\/span><\/span><\/p>\n<p><span style=\"font-family: Arial, serif;\"><span style=\"font-size: medium;\"><u><strong>Demokratieverst\u00e4ndnis?<\/strong><br \/>\n<\/u><\/span><\/span><span style=\"font-family: Arial, serif;\"><span style=\"font-size: medium;\">Wir sind alle froh und gl\u00fccklich in einem demokratischen Rechtsstaat leben zu d\u00fcrfen. Ob Oberb\u00fcrgermeisterin oder Ortsvorsteher \u2013 alle hatten ein offenes Ohr f\u00fcr unsere Ideen, \u00c4ngste und Sorgen.<\/span><\/span><\/p>\n<p><span style=\"font-size: medium; font-family: Arial, serif;\">Aber: unser Demokratieverst\u00e4ndnis wird auf eine harte Probe gestellt. Alle Einw\u00e4nde der B\u00fcrgerinnen und B\u00fcrger werden gef\u00fchlt vom Tisch gewischt. So wie in Rheing\u00f6nheim, in Friesenheim und in S\u00fcd. Wenn Investoren auftreten, die immer Geld generieren wollen, dann kann der B\u00fcrger einwenden was er will \u2013 Projekte werden umgesetzt und durchgepeitscht. Die B\u00fcrger werden zwar geh\u00f6rt, aber tats\u00e4chlichen Einfluss nehmen sie nicht.<\/span><\/p>\n<p class=\"western\"><strong><span style=\"font-family: Arial, serif;\"><span style=\"font-size: medium;\"><u>Unsere Ideen \u2013 generell: \u00c4rztehaus mit 4 bis 5 Praxen<br \/>\n<\/u><\/span><\/span><\/strong><span style=\"font-family: Arial, serif;\"><span style=\"font-size: medium;\">&#8211; In einem bereits vorhandenen leerstehenden und zentrumsnahen Geb\u00e4ude, (z. B. Commerzbank, ehemals Rossmann), etc.<br \/>\n<\/span><\/span><span style=\"font-family: Arial, serif;\"><span style=\"font-size: medium;\">&#8211; Kooperation mit LIDL Immobilien und Aufstockung \u00fcber dem neuen Markt<br \/>\n<\/span><\/span><span style=\"font-family: Arial, serif;\"><span style=\"font-size: medium;\">&#8211; Standort neben Rewe (Infrastruktur vorhanden) oder neben Friedhof in Edigheim (Standort f\u00fcr alle drei Stadtteile, befahrbar \u00fcber Ostring)<br \/>\n<\/span><\/span><span style=\"font-family: Arial, serif;\"><span style=\"font-size: medium;\">&#8211; SWR Termin am Dienstag wurde abgesagt, da Investor terminlich verhindert ist.<\/span><\/span><span style=\"color: #000000;\"><span style=\"font-family: Arial, serif;\">..<\/span><\/span><\/p>\n","protected":false},"excerpt":{"rendered":"<p>Statement der B\u00fcrgerinitiative \u201eLeben in Oppau\u201c Die BI ist eine politisch interessierte Initiative von engagierten Menschen, denen Oppau am Herzen [&hellip;]<\/p>\n","protected":false},"author":4,"featured_media":0,"parent":0,"menu_order":0,"comment_status":"closed","ping_status":"closed","template":"","meta":{"_bbp_topic_count":0,"_bbp_reply_count":0,"_bbp_total_topic_count":0,"_bbp_total_reply_count":0,"_bbp_voice_count":0,"_bbp_anonymous_reply_count":0,"_bbp_topic_count_hidden":0,"_bbp_reply_count_hidden":0,"_bbp_forum_subforum_count":0},"post_mailing_queue_ids":[],"_links":{"self":[{"href":"https:\/\/leben-in-oppau.de\/index.php?rest_route=\/wp\/v2\/pages\/284"}],"collection":[{"href":"https:\/\/leben-in-oppau.de\/index.php?rest_route=\/wp\/v2\/pages"}],"about":[{"href":"https:\/\/leben-in-oppau.de\/index.php?rest_route=\/wp\/v2\/types\/page"}],"author":[{"embeddable":true,"href":"https:\/\/leben-in-oppau.de\/index.php?rest_route=\/wp\/v2\/users\/4"}],"replies":[{"embeddable":true,"href":"https:\/\/leben-in-oppau.de\/index.php?rest_route=%2Fwp%2Fv2%2Fcomments&post=284"}],"version-history":[{"count":7,"href":"https:\/\/leben-in-oppau.de\/index.php?rest_route=\/wp\/v2\/pages\/284\/revisions"}],"predecessor-version":[{"id":296,"href":"https:\/\/leben-in-oppau.de\/index.php?rest_route=\/wp\/v2\/pages\/284\/revisions\/296"}],"wp:attachment":[{"href":"https:\/\/leben-in-oppau.de\/index.php?rest_route=%2Fwp%2Fv2%2Fmedia&parent=284"}],"curies":[{"name":"wp","href":"https:\/\/api.w.org\/{rel}","templated":true}]}}