{"id":2,"date":"2016-05-10T03:48:21","date_gmt":"2016-05-10T03:48:21","guid":{"rendered":"https:\/\/leben-in-oppau.de\/?page_id=2"},"modified":"2020-07-31T06:53:21","modified_gmt":"2020-07-31T05:53:21","slug":"sample-page","status":"publish","type":"page","link":"https:\/\/leben-in-oppau.de\/","title":{"rendered":"\u00dcber uns"},"content":{"rendered":"\n<p><\/p>\n\n\n\n<div class=\"wp-block-image is-style-default\"><figure class=\"alignright size-large is-resized\"><img loading=\"lazy\" src=\"https:\/\/leben-in-oppau.de\/wp-content\/uploads\/2020\/07\/FeldrandOppau-1024x695.jpg\" alt=\"\" class=\"wp-image-181\" width=\"650\" height=\"441\" srcset=\"https:\/\/leben-in-oppau.de\/wp-content\/uploads\/2020\/07\/FeldrandOppau-1024x695.jpg 1024w, https:\/\/leben-in-oppau.de\/wp-content\/uploads\/2020\/07\/FeldrandOppau-300x204.jpg 300w, https:\/\/leben-in-oppau.de\/wp-content\/uploads\/2020\/07\/FeldrandOppau-768x522.jpg 768w, https:\/\/leben-in-oppau.de\/wp-content\/uploads\/2020\/07\/FeldrandOppau-1536x1043.jpg 1536w, https:\/\/leben-in-oppau.de\/wp-content\/uploads\/2020\/07\/FeldrandOppau-2048x1391.jpg 2048w\" sizes=\"(max-width: 650px) 100vw, 650px\" \/><\/figure><\/div>\n\n\n<p>B\u00fcrgerinitiative f\u00fcr eine sch\u00f6nere und bessere Zukunft im Stadtdorf Oppau. <br \/>Unsere Themen sind unter Anderem:<\/p>\n<blockquote>\n<div dir=\"auto\">Verbesserung und Erhalt der Wohn- und Lebensqualit\u00e4t in Oppau.\u00a0<\/div>\n<div dir=\"auto\">\u00a0<\/div>\n<div dir=\"auto\">Wiederbelebung und Erhalt des Oppauer Ortszentrums.\u00a0<\/div>\n<div dir=\"auto\">\u00a0<\/div>\n<div dir=\"auto\">Mehr Wohnraum f\u00fcr Familien und festangestellte Arbeitnehmer<\/div>\n<div dir=\"auto\">\u00a0<\/div>\n<\/blockquote>\n<p>weiterhin&#8230;..<\/p>\n<blockquote>\n<p>Verbesserte Einbindung aller Einwohner in Entscheidungen f\u00fcr die Zukunft.<\/p>\n<\/blockquote>\n<p>Wir m\u00f6chten Informieren und zum Nachdenken anregen.<\/p>\n\n\n<h2>Aktuelles. <\/h2>\n\n\n\n<p><\/p>\n\n\n<ul class=\"wp-block-latest-posts__list wp-block-latest-posts\"><li><a class=\"wp-block-latest-posts__post-title\" href=\"https:\/\/leben-in-oppau.de\/?p=321\">Angst \u2013 ein wichtiger Grund f\u00fcr ein Medizinisches Versorgungszentrum in Oppau<\/a><\/li>\n<li><a class=\"wp-block-latest-posts__post-title\" href=\"https:\/\/leben-in-oppau.de\/?p=297\">Wichtig Oppauer macht mit bringt Euch ein &#8222;Stadtd\u00f6rfer Projekt&#8220; jetzt anmelden<\/a><\/li>\n<li><a class=\"wp-block-latest-posts__post-title\" href=\"https:\/\/leben-in-oppau.de\/?p=266\">Rheinpfalz berichtet: Experten warnen! Stadtklima heizt sich immer weiter auf<\/a><\/li>\n<li><a class=\"wp-block-latest-posts__post-title\" href=\"https:\/\/leben-in-oppau.de\/?p=316\">Stellungnahme Hans Georg Nunier FWG pl\u00e4diert f\u00fcr Kombi- L\u00f6sung<\/a><\/li>\n<li><a class=\"wp-block-latest-posts__post-title\" href=\"https:\/\/leben-in-oppau.de\/?p=259\">Angst im Gep\u00e4ck<\/a><\/li>\n<\/ul>\n\n\n<p><\/p>\n\n\n\n<div class=\"wp-container-1 wp-block-buttons\">\n<div class=\"wp-block-button\"><a class=\"wp-block-button__link\" href=\"https:\/\/leben-in-oppau.de\/?page_id=13\">Weitere Artikel<\/a><\/div>\n<\/div>\n","protected":false},"excerpt":{"rendered":"<p>B\u00fcrgerinitiative f\u00fcr eine sch\u00f6nere und bessere Zukunft im Stadtdorf Oppau. Unsere Themen sind unter Anderem: Verbesserung und Erhalt der Wohn- [&hellip;]<\/p>\n","protected":false},"author":1,"featured_media":0,"parent":0,"menu_order":0,"comment_status":"closed","ping_status":"closed","template":"","meta":{"_bbp_topic_count":0,"_bbp_reply_count":0,"_bbp_total_topic_count":0,"_bbp_total_reply_count":0,"_bbp_voice_count":0,"_bbp_anonymous_reply_count":0,"_bbp_topic_count_hidden":0,"_bbp_reply_count_hidden":0,"_bbp_forum_subforum_count":0},"post_mailing_queue_ids":[],"_links":{"self":[{"href":"https:\/\/leben-in-oppau.de\/index.php?rest_route=\/wp\/v2\/pages\/2"}],"collection":[{"href":"https:\/\/leben-in-oppau.de\/index.php?rest_route=\/wp\/v2\/pages"}],"about":[{"href":"https:\/\/leben-in-oppau.de\/index.php?rest_route=\/wp\/v2\/types\/page"}],"author":[{"embeddable":true,"href":"https:\/\/leben-in-oppau.de\/index.php?rest_route=\/wp\/v2\/users\/1"}],"replies":[{"embeddable":true,"href":"https:\/\/leben-in-oppau.de\/index.php?rest_route=%2Fwp%2Fv2%2Fcomments&post=2"}],"version-history":[{"count":15,"href":"https:\/\/leben-in-oppau.de\/index.php?rest_route=\/wp\/v2\/pages\/2\/revisions"}],"predecessor-version":[{"id":221,"href":"https:\/\/leben-in-oppau.de\/index.php?rest_route=\/wp\/v2\/pages\/2\/revisions\/221"}],"wp:attachment":[{"href":"https:\/\/leben-in-oppau.de\/index.php?rest_route=%2Fwp%2Fv2%2Fmedia&parent=2"}],"curies":[{"name":"wp","href":"https:\/\/api.w.org\/{rel}","templated":true}]}}